{"id":4541,"date":"2025-05-12T21:02:33","date_gmt":"2025-05-12T21:02:33","guid":{"rendered":"https:\/\/ugovalemberg.be\/?page_id=4541"},"modified":"2026-01-16T06:00:46","modified_gmt":"2026-01-16T06:00:46","slug":"montages-photos","status":"publish","type":"page","link":"https:\/\/ugovalemberg.be\/?page_id=4541","title":{"rendered":"Montages photos"},"content":{"rendered":"\t\t<div data-elementor-type=\"wp-page\" data-elementor-id=\"4541\" class=\"elementor elementor-4541\">\n\t\t\t\t<div class=\"elementor-element elementor-element-ada12e8 e-flex e-con-boxed e-con e-parent\" data-id=\"ada12e8\" data-element_type=\"container\" data-settings=\"{&quot;background_background&quot;:&quot;classic&quot;,&quot;shape_divider_bottom&quot;:&quot;arrow&quot;}\">\n\t\t\t\t\t<div class=\"e-con-inner\">\n\t\t\t\t<div class=\"elementor-shape elementor-shape-bottom\" data-negative=\"false\">\n\t\t\t<svg xmlns=\"http:\/\/www.w3.org\/2000\/svg\" viewBox=\"0 0 700 10\" preserveAspectRatio=\"none\">\n\t<path class=\"elementor-shape-fill\" d=\"M350,10L340,0h20L350,10z\"\/>\n<\/svg>\t\t<\/div>\n\t\t<div class=\"elementor-element elementor-element-2e05efe e-con-full e-flex e-con e-child\" data-id=\"2e05efe\" data-element_type=\"container\">\n\t\t\t\t<div class=\"elementor-element elementor-element-2735bb4 elementor-widget__width-initial elementor-widget elementor-widget-heading\" data-id=\"2735bb4\" data-element_type=\"widget\" data-widget_type=\"heading.default\">\n\t\t\t\t<div class=\"elementor-widget-container\">\n\t\t\t\t\t<h2 class=\"elementor-heading-title elementor-size-default\">Montages photos<\/h2>\t\t\t\t<\/div>\n\t\t\t\t<\/div>\n\t\t\t\t<\/div>\n\t\t\t\t\t<\/div>\n\t\t\t\t<\/div>\n\t\t<div class=\"elementor-element elementor-element-664ac17 e-flex e-con-boxed e-con e-parent\" data-id=\"664ac17\" data-element_type=\"container\" data-settings=\"{&quot;background_background&quot;:&quot;classic&quot;,&quot;shape_divider_bottom&quot;:&quot;arrow&quot;}\">\n\t\t\t\t\t<div class=\"e-con-inner\">\n\t\t\t\t<div class=\"elementor-shape elementor-shape-bottom\" data-negative=\"false\">\n\t\t\t<svg xmlns=\"http:\/\/www.w3.org\/2000\/svg\" viewBox=\"0 0 700 10\" preserveAspectRatio=\"none\">\n\t<path class=\"elementor-shape-fill\" d=\"M350,10L340,0h20L350,10z\"\/>\n<\/svg>\t\t<\/div>\n\t\t\t\t<div class=\"elementor-element elementor-element-5e163a3 elementor-widget elementor-widget-heading\" data-id=\"5e163a3\" data-element_type=\"widget\" data-widget_type=\"heading.default\">\n\t\t\t\t<div class=\"elementor-widget-container\">\n\t\t\t\t\t<h2 class=\"elementor-heading-title elementor-size-default\">CAMPAGNE : PAUSE NUM\u00c9RIQUE<\/h2>\t\t\t\t<\/div>\n\t\t\t\t<\/div>\n\t\t<div class=\"elementor-element elementor-element-5a52062 e-grid e-con-full e-con e-child\" data-id=\"5a52062\" data-element_type=\"container\">\n\t\t\t\t<div class=\"elementor-element elementor-element-67148ef elementor-widget elementor-widget-image\" data-id=\"67148ef\" data-element_type=\"widget\" data-widget_type=\"image.default\">\n\t\t\t\t<div class=\"elementor-widget-container\">\n\t\t\t\t\t\t\t\t\t\t\t\t\t\t\t\t<a href=\"https:\/\/ugovalemberg.be\/wp-content\/uploads\/2025\/10\/2m2-Base.jpg\" data-elementor-open-lightbox=\"yes\" data-elementor-lightbox-title=\"Affiche Pause Num\u00e9rique\" data-e-action-hash=\"#elementor-action%3Aaction%3Dlightbox%26settings%3DeyJpZCI6NjU1NCwidXJsIjoiaHR0cHM6XC9cL3Vnb3ZhbGVtYmVyZy5iZVwvd3AtY29udGVudFwvdXBsb2Fkc1wvMjAyNVwvMTBcLzJtMi1CYXNlLmpwZyJ9\">\n\t\t\t\t\t\t\t<img fetchpriority=\"high\" decoding=\"async\" width=\"694\" height=\"1024\" src=\"https:\/\/ugovalemberg.be\/wp-content\/uploads\/2025\/10\/2m2-Base-694x1024.jpg\" class=\"attachment-large size-large wp-image-6554\" alt=\"\" srcset=\"https:\/\/ugovalemberg.be\/wp-content\/uploads\/2025\/10\/2m2-Base-694x1024.jpg 694w, https:\/\/ugovalemberg.be\/wp-content\/uploads\/2025\/10\/2m2-Base-203x300.jpg 203w, https:\/\/ugovalemberg.be\/wp-content\/uploads\/2025\/10\/2m2-Base-768x1134.jpg 768w, https:\/\/ugovalemberg.be\/wp-content\/uploads\/2025\/10\/2m2-Base-1040x1536.jpg 1040w, https:\/\/ugovalemberg.be\/wp-content\/uploads\/2025\/10\/2m2-Base-1387x2048.jpg 1387w, https:\/\/ugovalemberg.be\/wp-content\/uploads\/2025\/10\/2m2-Base.jpg 1400w\" sizes=\"(max-width: 694px) 100vw, 694px\" \/>\t\t\t\t\t\t\t\t<\/a>\n\t\t\t\t\t\t\t\t\t\t\t\t\t\t\t<\/div>\n\t\t\t\t<\/div>\n\t\t\t\t<div class=\"elementor-element elementor-element-72befa9 elementor-widget elementor-widget-image\" data-id=\"72befa9\" data-element_type=\"widget\" data-widget_type=\"image.default\">\n\t\t\t\t<div class=\"elementor-widget-container\">\n\t\t\t\t\t\t\t\t\t\t\t\t\t\t\t\t<a href=\"https:\/\/ugovalemberg.be\/wp-content\/uploads\/2026\/01\/Carroussel-Instagram-Cote-Bus.png\" data-elementor-open-lightbox=\"yes\" data-elementor-lightbox-title=\"Carroussel Instagram Cote Bus\" data-e-action-hash=\"#elementor-action%3Aaction%3Dlightbox%26settings%3DeyJpZCI6NzAyMSwidXJsIjoiaHR0cHM6XC9cL3Vnb3ZhbGVtYmVyZy5iZVwvd3AtY29udGVudFwvdXBsb2Fkc1wvMjAyNlwvMDFcL0NhcnJvdXNzZWwtSW5zdGFncmFtLUNvdGUtQnVzLnBuZyJ9\">\n\t\t\t\t\t\t\t<img decoding=\"async\" width=\"694\" height=\"1024\" src=\"https:\/\/ugovalemberg.be\/wp-content\/uploads\/2026\/01\/Carroussel-Instagram-Cote-Bus-694x1024.png\" class=\"attachment-large size-large wp-image-7021\" alt=\"\" srcset=\"https:\/\/ugovalemberg.be\/wp-content\/uploads\/2026\/01\/Carroussel-Instagram-Cote-Bus-694x1024.png 694w, https:\/\/ugovalemberg.be\/wp-content\/uploads\/2026\/01\/Carroussel-Instagram-Cote-Bus-203x300.png 203w, https:\/\/ugovalemberg.be\/wp-content\/uploads\/2026\/01\/Carroussel-Instagram-Cote-Bus-768x1134.png 768w, https:\/\/ugovalemberg.be\/wp-content\/uploads\/2026\/01\/Carroussel-Instagram-Cote-Bus-1040x1536.png 1040w, https:\/\/ugovalemberg.be\/wp-content\/uploads\/2026\/01\/Carroussel-Instagram-Cote-Bus-1387x2048.png 1387w, https:\/\/ugovalemberg.be\/wp-content\/uploads\/2026\/01\/Carroussel-Instagram-Cote-Bus.png 1400w\" sizes=\"(max-width: 694px) 100vw, 694px\" \/>\t\t\t\t\t\t\t\t<\/a>\n\t\t\t\t\t\t\t\t\t\t\t\t\t\t\t<\/div>\n\t\t\t\t<\/div>\n\t\t\t\t<\/div>\n\t\t\t\t<div class=\"elementor-element elementor-element-3cf4dfa elementor-widget__width-initial elementor-widget elementor-widget-video\" data-id=\"3cf4dfa\" data-element_type=\"widget\" data-settings=\"{&quot;youtube_url&quot;:&quot;https:\\\/\\\/www.youtube.com\\\/shorts\\\/r8sxG1-leSY&quot;,&quot;video_type&quot;:&quot;youtube&quot;,&quot;controls&quot;:&quot;yes&quot;}\" data-widget_type=\"video.default\">\n\t\t\t\t<div class=\"elementor-widget-container\">\n\t\t\t\t\t\t\t<div class=\"elementor-wrapper elementor-open-inline\">\n\t\t\t<div class=\"elementor-video\"><\/div>\t\t<\/div>\n\t\t\t\t\t\t<\/div>\n\t\t\t\t<\/div>\n\t\t\t\t<div class=\"elementor-element elementor-element-17f9b8e elementor-widget elementor-widget-heading\" data-id=\"17f9b8e\" data-element_type=\"widget\" data-widget_type=\"heading.default\">\n\t\t\t\t<div class=\"elementor-widget-container\">\n\t\t\t\t\t<h2 class=\"elementor-heading-title elementor-size-default\">POSTERS : EVANGELION<\/h2>\t\t\t\t<\/div>\n\t\t\t\t<\/div>\n\t\t<div class=\"elementor-element elementor-element-687b74e e-grid e-con-full e-con e-child\" data-id=\"687b74e\" data-element_type=\"container\">\n\t\t\t\t<div class=\"elementor-element elementor-element-ca48dfa elementor-widget elementor-widget-image\" data-id=\"ca48dfa\" data-element_type=\"widget\" data-widget_type=\"image.default\">\n\t\t\t\t<div class=\"elementor-widget-container\">\n\t\t\t\t\t\t\t\t\t\t\t\t\t\t\t\t<a href=\"https:\/\/ugovalemberg.be\/wp-content\/uploads\/2025\/10\/Eva-00.png\" data-elementor-open-lightbox=\"yes\" data-elementor-lightbox-title=\"Poster Eva 00\" data-e-action-hash=\"#elementor-action%3Aaction%3Dlightbox%26settings%3DeyJpZCI6NjYxNCwidXJsIjoiaHR0cHM6XC9cL3Vnb3ZhbGVtYmVyZy5iZVwvd3AtY29udGVudFwvdXBsb2Fkc1wvMjAyNVwvMTBcL0V2YS0wMC5wbmcifQ%3D%3D\">\n\t\t\t\t\t\t\t<img decoding=\"async\" width=\"724\" height=\"1024\" src=\"https:\/\/ugovalemberg.be\/wp-content\/uploads\/2025\/10\/Eva-00-724x1024.png\" class=\"attachment-large size-large wp-image-6614\" alt=\"\" srcset=\"https:\/\/ugovalemberg.be\/wp-content\/uploads\/2025\/10\/Eva-00-724x1024.png 724w, https:\/\/ugovalemberg.be\/wp-content\/uploads\/2025\/10\/Eva-00-212x300.png 212w, https:\/\/ugovalemberg.be\/wp-content\/uploads\/2025\/10\/Eva-00-768x1087.png 768w, https:\/\/ugovalemberg.be\/wp-content\/uploads\/2025\/10\/Eva-00-1086x1536.png 1086w, https:\/\/ugovalemberg.be\/wp-content\/uploads\/2025\/10\/Eva-00.png 1357w\" sizes=\"(max-width: 724px) 100vw, 724px\" \/>\t\t\t\t\t\t\t\t<\/a>\n\t\t\t\t\t\t\t\t\t\t\t\t\t\t\t<\/div>\n\t\t\t\t<\/div>\n\t\t\t\t<div class=\"elementor-element elementor-element-5c1455f elementor-widget elementor-widget-image\" data-id=\"5c1455f\" data-element_type=\"widget\" data-widget_type=\"image.default\">\n\t\t\t\t<div class=\"elementor-widget-container\">\n\t\t\t\t\t\t\t\t\t\t\t\t\t\t\t\t<a href=\"https:\/\/ugovalemberg.be\/wp-content\/uploads\/2025\/10\/Eva-01.png\" data-elementor-open-lightbox=\"yes\" data-elementor-lightbox-title=\"Poster Eva 01\" data-e-action-hash=\"#elementor-action%3Aaction%3Dlightbox%26settings%3DeyJpZCI6NjYxNSwidXJsIjoiaHR0cHM6XC9cL3Vnb3ZhbGVtYmVyZy5iZVwvd3AtY29udGVudFwvdXBsb2Fkc1wvMjAyNVwvMTBcL0V2YS0wMS5wbmcifQ%3D%3D\">\n\t\t\t\t\t\t\t<img loading=\"lazy\" decoding=\"async\" width=\"724\" height=\"1024\" src=\"https:\/\/ugovalemberg.be\/wp-content\/uploads\/2025\/10\/Eva-01-724x1024.png\" class=\"attachment-large size-large wp-image-6615\" alt=\"\" srcset=\"https:\/\/ugovalemberg.be\/wp-content\/uploads\/2025\/10\/Eva-01-724x1024.png 724w, https:\/\/ugovalemberg.be\/wp-content\/uploads\/2025\/10\/Eva-01-212x300.png 212w, https:\/\/ugovalemberg.be\/wp-content\/uploads\/2025\/10\/Eva-01-768x1087.png 768w, https:\/\/ugovalemberg.be\/wp-content\/uploads\/2025\/10\/Eva-01-1086x1536.png 1086w, https:\/\/ugovalemberg.be\/wp-content\/uploads\/2025\/10\/Eva-01.png 1357w\" sizes=\"(max-width: 724px) 100vw, 724px\" \/>\t\t\t\t\t\t\t\t<\/a>\n\t\t\t\t\t\t\t\t\t\t\t\t\t\t\t<\/div>\n\t\t\t\t<\/div>\n\t\t\t\t<div class=\"elementor-element elementor-element-75c41dc elementor-widget elementor-widget-image\" data-id=\"75c41dc\" data-element_type=\"widget\" data-widget_type=\"image.default\">\n\t\t\t\t<div class=\"elementor-widget-container\">\n\t\t\t\t\t\t\t\t\t\t\t\t\t\t\t\t<a href=\"https:\/\/ugovalemberg.be\/wp-content\/uploads\/2025\/10\/Eva-02-1.png\" data-elementor-open-lightbox=\"yes\" data-elementor-lightbox-title=\"Poster Eva 02\" data-e-action-hash=\"#elementor-action%3Aaction%3Dlightbox%26settings%3DeyJpZCI6NjU1NywidXJsIjoiaHR0cHM6XC9cL3Vnb3ZhbGVtYmVyZy5iZVwvd3AtY29udGVudFwvdXBsb2Fkc1wvMjAyNVwvMTBcL0V2YS0wMi0xLnBuZyJ9\">\n\t\t\t\t\t\t\t<img loading=\"lazy\" decoding=\"async\" width=\"724\" height=\"1024\" src=\"https:\/\/ugovalemberg.be\/wp-content\/uploads\/2025\/10\/Eva-02-1-724x1024.png\" class=\"attachment-large size-large wp-image-6557\" alt=\"\" srcset=\"https:\/\/ugovalemberg.be\/wp-content\/uploads\/2025\/10\/Eva-02-1-724x1024.png 724w, https:\/\/ugovalemberg.be\/wp-content\/uploads\/2025\/10\/Eva-02-1-212x300.png 212w, https:\/\/ugovalemberg.be\/wp-content\/uploads\/2025\/10\/Eva-02-1-768x1087.png 768w, https:\/\/ugovalemberg.be\/wp-content\/uploads\/2025\/10\/Eva-02-1-1086x1536.png 1086w, https:\/\/ugovalemberg.be\/wp-content\/uploads\/2025\/10\/Eva-02-1.png 1357w\" sizes=\"(max-width: 724px) 100vw, 724px\" \/>\t\t\t\t\t\t\t\t<\/a>\n\t\t\t\t\t\t\t\t\t\t\t\t\t\t\t<\/div>\n\t\t\t\t<\/div>\n\t\t\t\t<\/div>\n\t\t\t\t<div class=\"elementor-element elementor-element-bf11f3d elementor-widget elementor-widget-heading\" data-id=\"bf11f3d\" data-element_type=\"widget\" data-widget_type=\"heading.default\">\n\t\t\t\t<div class=\"elementor-widget-container\">\n\t\t\t\t\t<h2 class=\"elementor-heading-title elementor-size-default\">CAMPAGNE : INCIVILIT\u00c9 \u00c0 MONS<\/h2>\t\t\t\t<\/div>\n\t\t\t\t<\/div>\n\t\t<div class=\"elementor-element elementor-element-d64e919 e-grid e-con-full e-con e-child\" data-id=\"d64e919\" data-element_type=\"container\">\n\t\t\t\t<div class=\"elementor-element elementor-element-53f2db7 elementor-widget elementor-widget-image\" data-id=\"53f2db7\" data-element_type=\"widget\" data-widget_type=\"image.default\">\n\t\t\t\t<div class=\"elementor-widget-container\">\n\t\t\t\t\t\t\t\t\t\t\t\t\t\t\t\t<a href=\"https:\/\/ugovalemberg.be\/wp-content\/uploads\/2026\/01\/Affiche-1-scaled.png\" data-elementor-open-lightbox=\"yes\" data-elementor-lightbox-title=\"Affiche Campagne Incivilit\u00e9 Mons 1\" data-e-action-hash=\"#elementor-action%3Aaction%3Dlightbox%26settings%3DeyJpZCI6NjkyNCwidXJsIjoiaHR0cHM6XC9cL3Vnb3ZhbGVtYmVyZy5iZVwvd3AtY29udGVudFwvdXBsb2Fkc1wvMjAyNlwvMDFcL0FmZmljaGUtMS1zY2FsZWQucG5nIn0%3D\">\n\t\t\t\t\t\t\t<img loading=\"lazy\" decoding=\"async\" width=\"724\" height=\"1024\" src=\"https:\/\/ugovalemberg.be\/wp-content\/uploads\/2026\/01\/Affiche-1-724x1024.png\" class=\"attachment-large size-large wp-image-6924\" alt=\"\" srcset=\"https:\/\/ugovalemberg.be\/wp-content\/uploads\/2026\/01\/Affiche-1-724x1024.png 724w, https:\/\/ugovalemberg.be\/wp-content\/uploads\/2026\/01\/Affiche-1-212x300.png 212w, https:\/\/ugovalemberg.be\/wp-content\/uploads\/2026\/01\/Affiche-1-768x1086.png 768w, https:\/\/ugovalemberg.be\/wp-content\/uploads\/2026\/01\/Affiche-1-1086x1536.png 1086w, https:\/\/ugovalemberg.be\/wp-content\/uploads\/2026\/01\/Affiche-1-1448x2048.png 1448w, https:\/\/ugovalemberg.be\/wp-content\/uploads\/2026\/01\/Affiche-1-scaled.png 1810w\" sizes=\"(max-width: 724px) 100vw, 724px\" \/>\t\t\t\t\t\t\t\t<\/a>\n\t\t\t\t\t\t\t\t\t\t\t\t\t\t\t<\/div>\n\t\t\t\t<\/div>\n\t\t\t\t<div class=\"elementor-element elementor-element-c394988 elementor-widget elementor-widget-image\" data-id=\"c394988\" data-element_type=\"widget\" data-widget_type=\"image.default\">\n\t\t\t\t<div class=\"elementor-widget-container\">\n\t\t\t\t\t\t\t\t\t\t\t\t\t\t\t\t<a href=\"https:\/\/ugovalemberg.be\/wp-content\/uploads\/2026\/01\/Affiche-2-scaled.png\" data-elementor-open-lightbox=\"yes\" data-elementor-lightbox-title=\"Affiche Campagne Incivilit\u00e9 Mons 2\" data-e-action-hash=\"#elementor-action%3Aaction%3Dlightbox%26settings%3DeyJpZCI6NjkyNSwidXJsIjoiaHR0cHM6XC9cL3Vnb3ZhbGVtYmVyZy5iZVwvd3AtY29udGVudFwvdXBsb2Fkc1wvMjAyNlwvMDFcL0FmZmljaGUtMi1zY2FsZWQucG5nIn0%3D\">\n\t\t\t\t\t\t\t<img loading=\"lazy\" decoding=\"async\" width=\"724\" height=\"1024\" src=\"https:\/\/ugovalemberg.be\/wp-content\/uploads\/2026\/01\/Affiche-2-724x1024.png\" class=\"attachment-large size-large wp-image-6925\" alt=\"\" srcset=\"https:\/\/ugovalemberg.be\/wp-content\/uploads\/2026\/01\/Affiche-2-724x1024.png 724w, https:\/\/ugovalemberg.be\/wp-content\/uploads\/2026\/01\/Affiche-2-212x300.png 212w, https:\/\/ugovalemberg.be\/wp-content\/uploads\/2026\/01\/Affiche-2-768x1086.png 768w, https:\/\/ugovalemberg.be\/wp-content\/uploads\/2026\/01\/Affiche-2-1086x1536.png 1086w, https:\/\/ugovalemberg.be\/wp-content\/uploads\/2026\/01\/Affiche-2-1448x2048.png 1448w, https:\/\/ugovalemberg.be\/wp-content\/uploads\/2026\/01\/Affiche-2-scaled.png 1810w\" sizes=\"(max-width: 724px) 100vw, 724px\" \/>\t\t\t\t\t\t\t\t<\/a>\n\t\t\t\t\t\t\t\t\t\t\t\t\t\t\t<\/div>\n\t\t\t\t<\/div>\n\t\t\t\t<div class=\"elementor-element elementor-element-60243fe elementor-widget elementor-widget-image\" data-id=\"60243fe\" data-element_type=\"widget\" data-widget_type=\"image.default\">\n\t\t\t\t<div class=\"elementor-widget-container\">\n\t\t\t\t\t\t\t\t\t\t\t\t\t\t\t\t<a href=\"https:\/\/ugovalemberg.be\/wp-content\/uploads\/2026\/01\/Affiche-3-scaled.png\" data-elementor-open-lightbox=\"yes\" data-elementor-lightbox-title=\"Affiche Campagne Incivilit\u00e9 Mons 3\" data-e-action-hash=\"#elementor-action%3Aaction%3Dlightbox%26settings%3DeyJpZCI6NjkyNywidXJsIjoiaHR0cHM6XC9cL3Vnb3ZhbGVtYmVyZy5iZVwvd3AtY29udGVudFwvdXBsb2Fkc1wvMjAyNlwvMDFcL0FmZmljaGUtMy1zY2FsZWQucG5nIn0%3D\">\n\t\t\t\t\t\t\t<img loading=\"lazy\" decoding=\"async\" width=\"724\" height=\"1024\" src=\"https:\/\/ugovalemberg.be\/wp-content\/uploads\/2026\/01\/Affiche-3-724x1024.png\" class=\"attachment-large size-large wp-image-6927\" alt=\"\" srcset=\"https:\/\/ugovalemberg.be\/wp-content\/uploads\/2026\/01\/Affiche-3-724x1024.png 724w, https:\/\/ugovalemberg.be\/wp-content\/uploads\/2026\/01\/Affiche-3-212x300.png 212w, https:\/\/ugovalemberg.be\/wp-content\/uploads\/2026\/01\/Affiche-3-768x1086.png 768w, https:\/\/ugovalemberg.be\/wp-content\/uploads\/2026\/01\/Affiche-3-1086x1536.png 1086w, https:\/\/ugovalemberg.be\/wp-content\/uploads\/2026\/01\/Affiche-3-1448x2048.png 1448w, https:\/\/ugovalemberg.be\/wp-content\/uploads\/2026\/01\/Affiche-3-scaled.png 1810w\" sizes=\"(max-width: 724px) 100vw, 724px\" \/>\t\t\t\t\t\t\t\t<\/a>\n\t\t\t\t\t\t\t\t\t\t\t\t\t\t\t<\/div>\n\t\t\t\t<\/div>\n\t\t\t\t<\/div>\n\t\t\t\t<div class=\"elementor-element elementor-element-fde52a1 elementor-widget__width-initial elementor-widget elementor-widget-video\" data-id=\"fde52a1\" data-element_type=\"widget\" data-settings=\"{&quot;youtube_url&quot;:&quot;https:\\\/\\\/www.youtube.com\\\/shorts\\\/cNvIALtYztM&quot;,&quot;video_type&quot;:&quot;youtube&quot;,&quot;controls&quot;:&quot;yes&quot;}\" data-widget_type=\"video.default\">\n\t\t\t\t<div class=\"elementor-widget-container\">\n\t\t\t\t\t\t\t<div class=\"elementor-wrapper elementor-open-inline\">\n\t\t\t<div class=\"elementor-video\"><\/div>\t\t<\/div>\n\t\t\t\t\t\t<\/div>\n\t\t\t\t<\/div>\n\t\t\t\t\t<\/div>\n\t\t\t\t<\/div>\n\t\t\t\t<\/div>\n\t\t","protected":false},"excerpt":{"rendered":"<p>Montages photos CAMPAGNE : PAUSE NUM\u00c9RIQUE POSTERS : EVANGELION CAMPAGNE : INCIVILIT\u00c9 \u00c0 MONS<\/p>\n","protected":false},"author":1,"featured_media":0,"parent":4387,"menu_order":3,"comment_status":"closed","ping_status":"closed","template":"","meta":{"site-sidebar-layout":"no-sidebar","site-content-layout":"page-builder","ast-site-content-layout":"full-width-container","site-content-style":"unboxed","site-sidebar-style":"unboxed","ast-global-header-display":"","ast-banner-title-visibility":"","ast-main-header-display":"","ast-hfb-above-header-display":"","ast-hfb-below-header-display":"","ast-hfb-mobile-header-display":"","site-post-title":"disabled","ast-breadcrumbs-content":"","ast-featured-img":"disabled","footer-sml-layout":"","theme-transparent-header-meta":"","adv-header-id-meta":"","stick-header-meta":"","header-above-stick-meta":"","header-main-stick-meta":"","header-below-stick-meta":"","astra-migrate-meta-layouts":"set","ast-page-background-enabled":"default","ast-page-background-meta":{"desktop":{"background-color":"","background-image":"","background-repeat":"repeat","background-position":"center center","background-size":"auto","background-attachment":"scroll","background-type":"","background-media":"","overlay-type":"","overlay-color":"","overlay-opacity":"","overlay-gradient":""},"tablet":{"background-color":"","background-image":"","background-repeat":"repeat","background-position":"center center","background-size":"auto","background-attachment":"scroll","background-type":"","background-media":"","overlay-type":"","overlay-color":"","overlay-opacity":"","overlay-gradient":""},"mobile":{"background-color":"","background-image":"","background-repeat":"repeat","background-position":"center center","background-size":"auto","background-attachment":"scroll","background-type":"","background-media":"","overlay-type":"","overlay-color":"","overlay-opacity":"","overlay-gradient":""}},"ast-content-background-meta":{"desktop":{"background-color":"var(--ast-global-color-5)","background-image":"","background-repeat":"repeat","background-position":"center center","background-size":"auto","background-attachment":"scroll","background-type":"","background-media":"","overlay-type":"","overlay-color":"","overlay-opacity":"","overlay-gradient":""},"tablet":{"background-color":"var(--ast-global-color-5)","background-image":"","background-repeat":"repeat","background-position":"center center","background-size":"auto","background-attachment":"scroll","background-type":"","background-media":"","overlay-type":"","overlay-color":"","overlay-opacity":"","overlay-gradient":""},"mobile":{"background-color":"var(--ast-global-color-5)","background-image":"","background-repeat":"repeat","background-position":"center center","background-size":"auto","background-attachment":"scroll","background-type":"","background-media":"","overlay-type":"","overlay-color":"","overlay-opacity":"","overlay-gradient":""}},"footnotes":""},"class_list":["post-4541","page","type-page","status-publish","hentry"],"yoast_head":"<!-- This site is optimized with the Yoast SEO plugin v25.1 - https:\/\/yoast.com\/wordpress\/plugins\/seo\/ -->\n<title>Montages photos - Ugo Valemberg Portfolio<\/title>\n<meta name=\"robots\" content=\"index, follow, max-snippet:-1, max-image-preview:large, max-video-preview:-1\" \/>\n<link rel=\"canonical\" href=\"https:\/\/ugovalemberg.be\/?page_id=4541\" \/>\n<meta property=\"og:locale\" content=\"fr_FR\" \/>\n<meta property=\"og:type\" content=\"article\" \/>\n<meta property=\"og:title\" content=\"Montages photos - Ugo Valemberg Portfolio\" \/>\n<meta property=\"og:description\" content=\"Montages photos CAMPAGNE : PAUSE NUM\u00c9RIQUE POSTERS : EVANGELION CAMPAGNE : INCIVILIT\u00c9 \u00c0 MONS\" \/>\n<meta property=\"og:url\" content=\"https:\/\/ugovalemberg.be\/?page_id=4541\" \/>\n<meta property=\"og:site_name\" content=\"Ugo Valemberg Portfolio\" \/>\n<meta property=\"article:modified_time\" content=\"2026-01-16T06:00:46+00:00\" \/>\n<meta property=\"og:image\" content=\"https:\/\/ugovalemberg.be\/wp-content\/uploads\/2025\/10\/2m2-Base-694x1024.jpg\" \/>\n<meta name=\"twitter:card\" content=\"summary_large_image\" \/>\n<meta name=\"twitter:label1\" content=\"Dur\u00e9e de lecture estim\u00e9e\" \/>\n\t<meta name=\"twitter:data1\" content=\"2 minutes\" \/>\n<script type=\"application\/ld+json\" class=\"yoast-schema-graph\">{\"@context\":\"https:\/\/schema.org\",\"@graph\":[{\"@type\":\"WebPage\",\"@id\":\"https:\/\/ugovalemberg.be\/?page_id=4541\",\"url\":\"https:\/\/ugovalemberg.be\/?page_id=4541\",\"name\":\"Montages photos - Ugo Valemberg Portfolio\",\"isPartOf\":{\"@id\":\"https:\/\/ugovalemberg.be\/#website\"},\"primaryImageOfPage\":{\"@id\":\"https:\/\/ugovalemberg.be\/?page_id=4541#primaryimage\"},\"image\":{\"@id\":\"https:\/\/ugovalemberg.be\/?page_id=4541#primaryimage\"},\"thumbnailUrl\":\"https:\/\/ugovalemberg.be\/wp-content\/uploads\/2025\/10\/2m2-Base-694x1024.jpg\",\"datePublished\":\"2025-05-12T21:02:33+00:00\",\"dateModified\":\"2026-01-16T06:00:46+00:00\",\"breadcrumb\":{\"@id\":\"https:\/\/ugovalemberg.be\/?page_id=4541#breadcrumb\"},\"inLanguage\":\"fr-FR\",\"potentialAction\":[{\"@type\":\"ReadAction\",\"target\":[\"https:\/\/ugovalemberg.be\/?page_id=4541\"]}]},{\"@type\":\"ImageObject\",\"inLanguage\":\"fr-FR\",\"@id\":\"https:\/\/ugovalemberg.be\/?page_id=4541#primaryimage\",\"url\":\"https:\/\/ugovalemberg.be\/wp-content\/uploads\/2025\/10\/2m2-Base.jpg\",\"contentUrl\":\"https:\/\/ugovalemberg.be\/wp-content\/uploads\/2025\/10\/2m2-Base.jpg\",\"width\":1400,\"height\":2067},{\"@type\":\"BreadcrumbList\",\"@id\":\"https:\/\/ugovalemberg.be\/?page_id=4541#breadcrumb\",\"itemListElement\":[{\"@type\":\"ListItem\",\"position\":1,\"name\":\"Accueil\",\"item\":\"https:\/\/ugovalemberg.be\/\"},{\"@type\":\"ListItem\",\"position\":2,\"name\":\"Accueil\",\"item\":\"https:\/\/ugovalemberg.be\/\"},{\"@type\":\"ListItem\",\"position\":3,\"name\":\"Montages photos\"}]},{\"@type\":\"WebSite\",\"@id\":\"https:\/\/ugovalemberg.be\/#website\",\"url\":\"https:\/\/ugovalemberg.be\/\",\"name\":\"Ugo Valemberg Portfolio\",\"description\":\"\",\"potentialAction\":[{\"@type\":\"SearchAction\",\"target\":{\"@type\":\"EntryPoint\",\"urlTemplate\":\"https:\/\/ugovalemberg.be\/?s={search_term_string}\"},\"query-input\":{\"@type\":\"PropertyValueSpecification\",\"valueRequired\":true,\"valueName\":\"search_term_string\"}}],\"inLanguage\":\"fr-FR\"}]}<\/script>\n<!-- \/ Yoast SEO plugin. -->","yoast_head_json":{"title":"Montages photos - Ugo Valemberg Portfolio","robots":{"index":"index","follow":"follow","max-snippet":"max-snippet:-1","max-image-preview":"max-image-preview:large","max-video-preview":"max-video-preview:-1"},"canonical":"https:\/\/ugovalemberg.be\/?page_id=4541","og_locale":"fr_FR","og_type":"article","og_title":"Montages photos - Ugo Valemberg Portfolio","og_description":"Montages photos CAMPAGNE : PAUSE NUM\u00c9RIQUE POSTERS : EVANGELION CAMPAGNE : INCIVILIT\u00c9 \u00c0 MONS","og_url":"https:\/\/ugovalemberg.be\/?page_id=4541","og_site_name":"Ugo Valemberg Portfolio","article_modified_time":"2026-01-16T06:00:46+00:00","og_image":[{"url":"https:\/\/ugovalemberg.be\/wp-content\/uploads\/2025\/10\/2m2-Base-694x1024.jpg","type":"","width":"","height":""}],"twitter_card":"summary_large_image","twitter_misc":{"Dur\u00e9e de lecture estim\u00e9e":"2 minutes"},"schema":{"@context":"https:\/\/schema.org","@graph":[{"@type":"WebPage","@id":"https:\/\/ugovalemberg.be\/?page_id=4541","url":"https:\/\/ugovalemberg.be\/?page_id=4541","name":"Montages photos - Ugo Valemberg Portfolio","isPartOf":{"@id":"https:\/\/ugovalemberg.be\/#website"},"primaryImageOfPage":{"@id":"https:\/\/ugovalemberg.be\/?page_id=4541#primaryimage"},"image":{"@id":"https:\/\/ugovalemberg.be\/?page_id=4541#primaryimage"},"thumbnailUrl":"https:\/\/ugovalemberg.be\/wp-content\/uploads\/2025\/10\/2m2-Base-694x1024.jpg","datePublished":"2025-05-12T21:02:33+00:00","dateModified":"2026-01-16T06:00:46+00:00","breadcrumb":{"@id":"https:\/\/ugovalemberg.be\/?page_id=4541#breadcrumb"},"inLanguage":"fr-FR","potentialAction":[{"@type":"ReadAction","target":["https:\/\/ugovalemberg.be\/?page_id=4541"]}]},{"@type":"ImageObject","inLanguage":"fr-FR","@id":"https:\/\/ugovalemberg.be\/?page_id=4541#primaryimage","url":"https:\/\/ugovalemberg.be\/wp-content\/uploads\/2025\/10\/2m2-Base.jpg","contentUrl":"https:\/\/ugovalemberg.be\/wp-content\/uploads\/2025\/10\/2m2-Base.jpg","width":1400,"height":2067},{"@type":"BreadcrumbList","@id":"https:\/\/ugovalemberg.be\/?page_id=4541#breadcrumb","itemListElement":[{"@type":"ListItem","position":1,"name":"Accueil","item":"https:\/\/ugovalemberg.be\/"},{"@type":"ListItem","position":2,"name":"Accueil","item":"https:\/\/ugovalemberg.be\/"},{"@type":"ListItem","position":3,"name":"Montages photos"}]},{"@type":"WebSite","@id":"https:\/\/ugovalemberg.be\/#website","url":"https:\/\/ugovalemberg.be\/","name":"Ugo Valemberg Portfolio","description":"","potentialAction":[{"@type":"SearchAction","target":{"@type":"EntryPoint","urlTemplate":"https:\/\/ugovalemberg.be\/?s={search_term_string}"},"query-input":{"@type":"PropertyValueSpecification","valueRequired":true,"valueName":"search_term_string"}}],"inLanguage":"fr-FR"}]}},"_links":{"self":[{"href":"https:\/\/ugovalemberg.be\/index.php?rest_route=\/wp\/v2\/pages\/4541","targetHints":{"allow":["GET"]}}],"collection":[{"href":"https:\/\/ugovalemberg.be\/index.php?rest_route=\/wp\/v2\/pages"}],"about":[{"href":"https:\/\/ugovalemberg.be\/index.php?rest_route=\/wp\/v2\/types\/page"}],"author":[{"embeddable":true,"href":"https:\/\/ugovalemberg.be\/index.php?rest_route=\/wp\/v2\/users\/1"}],"replies":[{"embeddable":true,"href":"https:\/\/ugovalemberg.be\/index.php?rest_route=%2Fwp%2Fv2%2Fcomments&post=4541"}],"version-history":[{"count":248,"href":"https:\/\/ugovalemberg.be\/index.php?rest_route=\/wp\/v2\/pages\/4541\/revisions"}],"predecessor-version":[{"id":7030,"href":"https:\/\/ugovalemberg.be\/index.php?rest_route=\/wp\/v2\/pages\/4541\/revisions\/7030"}],"up":[{"embeddable":true,"href":"https:\/\/ugovalemberg.be\/index.php?rest_route=\/wp\/v2\/pages\/4387"}],"wp:attachment":[{"href":"https:\/\/ugovalemberg.be\/index.php?rest_route=%2Fwp%2Fv2%2Fmedia&parent=4541"}],"curies":[{"name":"wp","href":"https:\/\/api.w.org\/{rel}","templated":true}]}}