{"id":4546,"date":"2025-05-12T21:03:26","date_gmt":"2025-05-12T21:03:26","guid":{"rendered":"https:\/\/ugovalemberg.be\/?page_id=4546"},"modified":"2025-11-14T14:49:08","modified_gmt":"2025-11-14T14:49:08","slug":"a-propos","status":"publish","type":"page","link":"https:\/\/ugovalemberg.be\/?page_id=4546","title":{"rendered":"\u00c0 propos"},"content":{"rendered":"\t\t<div data-elementor-type=\"wp-page\" data-elementor-id=\"4546\" class=\"elementor elementor-4546\">\n\t\t\t\t<div class=\"elementor-element elementor-element-04cb9fc e-flex e-con-boxed e-con e-parent\" data-id=\"04cb9fc\" data-element_type=\"container\" data-settings=\"{&quot;background_background&quot;:&quot;classic&quot;,&quot;shape_divider_bottom&quot;:&quot;arrow&quot;}\">\n\t\t\t\t\t<div class=\"e-con-inner\">\n\t\t\t\t<div class=\"elementor-shape elementor-shape-bottom\" data-negative=\"false\">\n\t\t\t<svg xmlns=\"http:\/\/www.w3.org\/2000\/svg\" viewBox=\"0 0 700 10\" preserveAspectRatio=\"none\">\n\t<path class=\"elementor-shape-fill\" d=\"M350,10L340,0h20L350,10z\"\/>\n<\/svg>\t\t<\/div>\n\t\t<div class=\"elementor-element elementor-element-d3e4862 e-con-full e-flex e-con e-child\" data-id=\"d3e4862\" data-element_type=\"container\">\n\t\t\t\t<div class=\"elementor-element elementor-element-47d84d2 elementor-widget__width-initial elementor-widget elementor-widget-heading\" data-id=\"47d84d2\" data-element_type=\"widget\" data-widget_type=\"heading.default\">\n\t\t\t\t<div class=\"elementor-widget-container\">\n\t\t\t\t\t<h2 class=\"elementor-heading-title elementor-size-default\">\u00c0 propos de moi<\/h2>\t\t\t\t<\/div>\n\t\t\t\t<\/div>\n\t\t<div class=\"elementor-element elementor-element-c307af7 e-grid e-con-full e-con e-child\" data-id=\"c307af7\" data-element_type=\"container\">\n\t\t\t\t<div class=\"elementor-element elementor-element-d1e4d69 elementor-widget elementor-widget-image\" data-id=\"d1e4d69\" data-element_type=\"widget\" data-widget_type=\"image.default\">\n\t\t\t\t<div class=\"elementor-widget-container\">\n\t\t\t\t\t\t\t\t\t\t\t\t\t\t\t<img fetchpriority=\"high\" decoding=\"async\" width=\"1536\" height=\"2048\" src=\"https:\/\/ugovalemberg.be\/wp-content\/uploads\/2025\/09\/Moi-Photomontage.png\" class=\"attachment-full size-full wp-image-6220\" alt=\"\" srcset=\"https:\/\/ugovalemberg.be\/wp-content\/uploads\/2025\/09\/Moi-Photomontage.png 1536w, https:\/\/ugovalemberg.be\/wp-content\/uploads\/2025\/09\/Moi-Photomontage-225x300.png 225w, https:\/\/ugovalemberg.be\/wp-content\/uploads\/2025\/09\/Moi-Photomontage-768x1024.png 768w, https:\/\/ugovalemberg.be\/wp-content\/uploads\/2025\/09\/Moi-Photomontage-1152x1536.png 1152w\" sizes=\"(max-width: 1536px) 100vw, 1536px\" \/>\t\t\t\t\t\t\t\t\t\t\t\t\t\t\t<\/div>\n\t\t\t\t<\/div>\n\t\t\t\t<\/div>\n\t\t\t\t<div class=\"elementor-element elementor-element-21d1120 elementor-widget elementor-widget-text-editor\" data-id=\"21d1120\" data-element_type=\"widget\" data-widget_type=\"text-editor.default\">\n\t\t\t\t<div class=\"elementor-widget-container\">\n\t\t\t\t\t\t\t\t\t<p>Cr\u00e9er, c\u2019est ce que je fais depuis toujours. Avant m\u00eame de savoir parler, je dessinais d\u00e9j\u00e0. Et depuis, je n\u2019ai jamais arr\u00eat\u00e9. Au fil des ann\u00e9es, j\u2019ai affin\u00e9 mon style, explor\u00e9 des techniques, d\u00e9couvert des outils. Mais ce qui me passionne le plus\u00a0 c\u2019est l&rsquo;animation et apprendre de nouvelles fa\u00e7ons de travailler.<\/p><p>J\u2019aime changer de style, tester de nouvelles approches, apprendre encore et toujours. Illustrator, Photoshop, animation, dessin vectoriel, tablette graphique\u2026 Chaque outil est une extension de mon envie de cr\u00e9er, de raconter et de donner vie \u00e0 mes id\u00e9es.<\/p>\t\t\t\t\t\t\t\t<\/div>\n\t\t\t\t<\/div>\n\t\t\t\t<div class=\"elementor-element elementor-element-66cf248 elementor-widget-divider--view-line elementor-widget elementor-widget-divider\" data-id=\"66cf248\" data-element_type=\"widget\" data-widget_type=\"divider.default\">\n\t\t\t\t<div class=\"elementor-widget-container\">\n\t\t\t\t\t\t\t<div class=\"elementor-divider\">\n\t\t\t<span class=\"elementor-divider-separator\">\n\t\t\t\t\t\t<\/span>\n\t\t<\/div>\n\t\t\t\t\t\t<\/div>\n\t\t\t\t<\/div>\n\t\t\t\t<div class=\"elementor-element elementor-element-9567695 elementor-widget elementor-widget-text-editor\" data-id=\"9567695\" data-element_type=\"widget\" data-widget_type=\"text-editor.default\">\n\t\t\t\t<div class=\"elementor-widget-container\">\n\t\t\t\t\t\t\t\t\t<p class=\"MsoNormal\">Quand je me lance dans un projet, je vais au bout. Je multiplie les croquis, je cherche, j\u2019explore. Pas question de m\u2019arr\u00eater \u00e0 la premi\u00e8re id\u00e9e. Je veux que mon travail reste en t\u00eate, qu\u2019il laisse une trace.<br \/>Et quand il faut travailler en \u00e9quipe, je suis l\u00e0 aussi. Tant que tout le monde s\u2019implique, je donne tout.<\/p><p><span style=\"font-style: inherit; font-weight: inherit;\">En r\u00e9sum\u00e9 : je cr\u00e9e. Et je le fais s\u00e9rieusement.<\/span><\/p><p><span style=\"font-style: inherit; font-weight: inherit;\">Bienvenue dans mon univers.<\/span><\/p>\t\t\t\t\t\t\t\t<\/div>\n\t\t\t\t<\/div>\n\t\t\t\t<div class=\"elementor-element elementor-element-eb3e494 elementor-widget elementor-widget-image\" data-id=\"eb3e494\" data-element_type=\"widget\" data-widget_type=\"image.default\">\n\t\t\t\t<div class=\"elementor-widget-container\">\n\t\t\t\t\t\t\t\t\t\t\t\t\t\t\t<img decoding=\"async\" width=\"724\" height=\"1024\" src=\"https:\/\/ugovalemberg.be\/wp-content\/uploads\/2025\/10\/CV-image-724x1024.png\" class=\"attachment-large size-large wp-image-6894\" alt=\"\" srcset=\"https:\/\/ugovalemberg.be\/wp-content\/uploads\/2025\/10\/CV-image-724x1024.png 724w, https:\/\/ugovalemberg.be\/wp-content\/uploads\/2025\/10\/CV-image-212x300.png 212w, https:\/\/ugovalemberg.be\/wp-content\/uploads\/2025\/10\/CV-image-768x1086.png 768w, https:\/\/ugovalemberg.be\/wp-content\/uploads\/2025\/10\/CV-image-1086x1536.png 1086w, https:\/\/ugovalemberg.be\/wp-content\/uploads\/2025\/10\/CV-image.png 1240w\" sizes=\"(max-width: 724px) 100vw, 724px\" \/>\t\t\t\t\t\t\t\t\t\t\t\t\t\t\t<\/div>\n\t\t\t\t<\/div>\n\t\t\t\t<div class=\"elementor-element elementor-element-750d79f elementor-align-center elementor-widget elementor-widget-button\" data-id=\"750d79f\" data-element_type=\"widget\" data-widget_type=\"button.default\">\n\t\t\t\t<div class=\"elementor-widget-container\">\n\t\t\t\t\t\t\t\t\t<div class=\"elementor-button-wrapper\">\n\t\t\t\t\t<a class=\"elementor-button elementor-button-link elementor-size-sm\" href=\"https:\/\/ugovalemberg.be\/wp-content\/uploads\/2025\/10\/Ugo_Valemberg_CV.pdf\">\n\t\t\t\t\t\t<span class=\"elementor-button-content-wrapper\">\n\t\t\t\t\t\t\t\t\t<span class=\"elementor-button-text\">T\u00e9l\u00e9charger mon cv ici !<\/span>\n\t\t\t\t\t<\/span>\n\t\t\t\t\t<\/a>\n\t\t\t\t<\/div>\n\t\t\t\t\t\t\t\t<\/div>\n\t\t\t\t<\/div>\n\t\t\t\t<div class=\"elementor-element elementor-element-1bfe0c8 elementor-align-center elementor-widget elementor-widget-button\" data-id=\"1bfe0c8\" data-element_type=\"widget\" data-widget_type=\"button.default\">\n\t\t\t\t<div class=\"elementor-widget-container\">\n\t\t\t\t\t\t\t\t\t<div class=\"elementor-button-wrapper\">\n\t\t\t\t\t<a class=\"elementor-button elementor-button-link elementor-size-sm\" href=\"https:\/\/ugovalemberg.be\/wp-content\/uploads\/2025\/11\/Ugo_Valemberg_Portfolio.pdf\">\n\t\t\t\t\t\t<span class=\"elementor-button-content-wrapper\">\n\t\t\t\t\t\t\t\t\t<span class=\"elementor-button-text\">T\u00e9l\u00e9charger mon PORTFOLIO ici !<\/span>\n\t\t\t\t\t<\/span>\n\t\t\t\t\t<\/a>\n\t\t\t\t<\/div>\n\t\t\t\t\t\t\t\t<\/div>\n\t\t\t\t<\/div>\n\t\t\t\t<\/div>\n\t\t\t\t\t<\/div>\n\t\t\t\t<\/div>\n\t\t\t\t<\/div>\n\t\t","protected":false},"excerpt":{"rendered":"<p>\u00c0 propos de moi Cr\u00e9er, c\u2019est ce que je fais depuis toujours. Avant m\u00eame de savoir parler, je dessinais d\u00e9j\u00e0. Et depuis, je n\u2019ai jamais arr\u00eat\u00e9. Au fil des ann\u00e9es, j\u2019ai affin\u00e9 mon style, explor\u00e9 des techniques, d\u00e9couvert des outils. Mais ce qui me passionne le plus\u00a0 c\u2019est l&rsquo;animation et apprendre de nouvelles fa\u00e7ons de [&hellip;]<\/p>\n","protected":false},"author":1,"featured_media":0,"parent":4387,"menu_order":4,"comment_status":"closed","ping_status":"closed","template":"","meta":{"site-sidebar-layout":"no-sidebar","site-content-layout":"page-builder","ast-site-content-layout":"full-width-container","site-content-style":"default","site-sidebar-style":"default","ast-global-header-display":"","ast-banner-title-visibility":"","ast-main-header-display":"","ast-hfb-above-header-display":"","ast-hfb-below-header-display":"","ast-hfb-mobile-header-display":"","site-post-title":"disabled","ast-breadcrumbs-content":"","ast-featured-img":"disabled","footer-sml-layout":"","theme-transparent-header-meta":"","adv-header-id-meta":"","stick-header-meta":"","header-above-stick-meta":"","header-main-stick-meta":"","header-below-stick-meta":"","astra-migrate-meta-layouts":"default","ast-page-background-enabled":"default","ast-page-background-meta":{"desktop":{"background-color":"","background-image":"","background-repeat":"repeat","background-position":"center center","background-size":"auto","background-attachment":"scroll","background-type":"","background-media":"","overlay-type":"","overlay-color":"","overlay-opacity":"","overlay-gradient":""},"tablet":{"background-color":"","background-image":"","background-repeat":"repeat","background-position":"center center","background-size":"auto","background-attachment":"scroll","background-type":"","background-media":"","overlay-type":"","overlay-color":"","overlay-opacity":"","overlay-gradient":""},"mobile":{"background-color":"","background-image":"","background-repeat":"repeat","background-position":"center center","background-size":"auto","background-attachment":"scroll","background-type":"","background-media":"","overlay-type":"","overlay-color":"","overlay-opacity":"","overlay-gradient":""}},"ast-content-background-meta":{"desktop":{"background-color":"var(--ast-global-color-5)","background-image":"","background-repeat":"repeat","background-position":"center center","background-size":"auto","background-attachment":"scroll","background-type":"","background-media":"","overlay-type":"","overlay-color":"","overlay-opacity":"","overlay-gradient":""},"tablet":{"background-color":"var(--ast-global-color-5)","background-image":"","background-repeat":"repeat","background-position":"center center","background-size":"auto","background-attachment":"scroll","background-type":"","background-media":"","overlay-type":"","overlay-color":"","overlay-opacity":"","overlay-gradient":""},"mobile":{"background-color":"var(--ast-global-color-5)","background-image":"","background-repeat":"repeat","background-position":"center center","background-size":"auto","background-attachment":"scroll","background-type":"","background-media":"","overlay-type":"","overlay-color":"","overlay-opacity":"","overlay-gradient":""}},"footnotes":""},"class_list":["post-4546","page","type-page","status-publish","hentry"],"yoast_head":"<!-- This site is optimized with the Yoast SEO plugin v25.1 - https:\/\/yoast.com\/wordpress\/plugins\/seo\/ -->\n<title>\u00c0 propos - Ugo Valemberg Portfolio<\/title>\n<meta name=\"robots\" content=\"index, follow, max-snippet:-1, max-image-preview:large, max-video-preview:-1\" \/>\n<link rel=\"canonical\" href=\"https:\/\/ugovalemberg.be\/?page_id=4546\" \/>\n<meta property=\"og:locale\" content=\"fr_FR\" \/>\n<meta property=\"og:type\" content=\"article\" \/>\n<meta property=\"og:title\" content=\"\u00c0 propos - Ugo Valemberg Portfolio\" \/>\n<meta property=\"og:description\" content=\"\u00c0 propos de moi Cr\u00e9er, c\u2019est ce que je fais depuis toujours. Avant m\u00eame de savoir parler, je dessinais d\u00e9j\u00e0. Et depuis, je n\u2019ai jamais arr\u00eat\u00e9. Au fil des ann\u00e9es, j\u2019ai affin\u00e9 mon style, explor\u00e9 des techniques, d\u00e9couvert des outils. Mais ce qui me passionne le plus\u00a0 c\u2019est l&rsquo;animation et apprendre de nouvelles fa\u00e7ons de [&hellip;]\" \/>\n<meta property=\"og:url\" content=\"https:\/\/ugovalemberg.be\/?page_id=4546\" \/>\n<meta property=\"og:site_name\" content=\"Ugo Valemberg Portfolio\" \/>\n<meta property=\"article:modified_time\" content=\"2025-11-14T14:49:08+00:00\" \/>\n<meta property=\"og:image\" content=\"https:\/\/ugovalemberg.be\/wp-content\/uploads\/2025\/09\/Moi-Photomontage.png\" \/>\n\t<meta property=\"og:image:width\" content=\"1536\" \/>\n\t<meta property=\"og:image:height\" content=\"2048\" \/>\n\t<meta property=\"og:image:type\" content=\"image\/png\" \/>\n<meta name=\"twitter:card\" content=\"summary_large_image\" \/>\n<meta name=\"twitter:label1\" content=\"Dur\u00e9e de lecture estim\u00e9e\" \/>\n\t<meta name=\"twitter:data1\" content=\"2 minutes\" \/>\n<script type=\"application\/ld+json\" class=\"yoast-schema-graph\">{\"@context\":\"https:\/\/schema.org\",\"@graph\":[{\"@type\":\"WebPage\",\"@id\":\"https:\/\/ugovalemberg.be\/?page_id=4546\",\"url\":\"https:\/\/ugovalemberg.be\/?page_id=4546\",\"name\":\"\u00c0 propos - Ugo Valemberg Portfolio\",\"isPartOf\":{\"@id\":\"https:\/\/ugovalemberg.be\/#website\"},\"primaryImageOfPage\":{\"@id\":\"https:\/\/ugovalemberg.be\/?page_id=4546#primaryimage\"},\"image\":{\"@id\":\"https:\/\/ugovalemberg.be\/?page_id=4546#primaryimage\"},\"thumbnailUrl\":\"https:\/\/ugovalemberg.be\/wp-content\/uploads\/2025\/09\/Moi-Photomontage.png\",\"datePublished\":\"2025-05-12T21:03:26+00:00\",\"dateModified\":\"2025-11-14T14:49:08+00:00\",\"breadcrumb\":{\"@id\":\"https:\/\/ugovalemberg.be\/?page_id=4546#breadcrumb\"},\"inLanguage\":\"fr-FR\",\"potentialAction\":[{\"@type\":\"ReadAction\",\"target\":[\"https:\/\/ugovalemberg.be\/?page_id=4546\"]}]},{\"@type\":\"ImageObject\",\"inLanguage\":\"fr-FR\",\"@id\":\"https:\/\/ugovalemberg.be\/?page_id=4546#primaryimage\",\"url\":\"https:\/\/ugovalemberg.be\/wp-content\/uploads\/2025\/09\/Moi-Photomontage.png\",\"contentUrl\":\"https:\/\/ugovalemberg.be\/wp-content\/uploads\/2025\/09\/Moi-Photomontage.png\",\"width\":1536,\"height\":2048},{\"@type\":\"BreadcrumbList\",\"@id\":\"https:\/\/ugovalemberg.be\/?page_id=4546#breadcrumb\",\"itemListElement\":[{\"@type\":\"ListItem\",\"position\":1,\"name\":\"Accueil\",\"item\":\"https:\/\/ugovalemberg.be\/\"},{\"@type\":\"ListItem\",\"position\":2,\"name\":\"Accueil\",\"item\":\"https:\/\/ugovalemberg.be\/\"},{\"@type\":\"ListItem\",\"position\":3,\"name\":\"\u00c0 propos\"}]},{\"@type\":\"WebSite\",\"@id\":\"https:\/\/ugovalemberg.be\/#website\",\"url\":\"https:\/\/ugovalemberg.be\/\",\"name\":\"Ugo Valemberg Portfolio\",\"description\":\"\",\"potentialAction\":[{\"@type\":\"SearchAction\",\"target\":{\"@type\":\"EntryPoint\",\"urlTemplate\":\"https:\/\/ugovalemberg.be\/?s={search_term_string}\"},\"query-input\":{\"@type\":\"PropertyValueSpecification\",\"valueRequired\":true,\"valueName\":\"search_term_string\"}}],\"inLanguage\":\"fr-FR\"}]}<\/script>\n<!-- \/ Yoast SEO plugin. -->","yoast_head_json":{"title":"\u00c0 propos - Ugo Valemberg Portfolio","robots":{"index":"index","follow":"follow","max-snippet":"max-snippet:-1","max-image-preview":"max-image-preview:large","max-video-preview":"max-video-preview:-1"},"canonical":"https:\/\/ugovalemberg.be\/?page_id=4546","og_locale":"fr_FR","og_type":"article","og_title":"\u00c0 propos - Ugo Valemberg Portfolio","og_description":"\u00c0 propos de moi Cr\u00e9er, c\u2019est ce que je fais depuis toujours. Avant m\u00eame de savoir parler, je dessinais d\u00e9j\u00e0. Et depuis, je n\u2019ai jamais arr\u00eat\u00e9. Au fil des ann\u00e9es, j\u2019ai affin\u00e9 mon style, explor\u00e9 des techniques, d\u00e9couvert des outils. Mais ce qui me passionne le plus\u00a0 c\u2019est l&rsquo;animation et apprendre de nouvelles fa\u00e7ons de [&hellip;]","og_url":"https:\/\/ugovalemberg.be\/?page_id=4546","og_site_name":"Ugo Valemberg Portfolio","article_modified_time":"2025-11-14T14:49:08+00:00","og_image":[{"width":1536,"height":2048,"url":"https:\/\/ugovalemberg.be\/wp-content\/uploads\/2025\/09\/Moi-Photomontage.png","type":"image\/png"}],"twitter_card":"summary_large_image","twitter_misc":{"Dur\u00e9e de lecture estim\u00e9e":"2 minutes"},"schema":{"@context":"https:\/\/schema.org","@graph":[{"@type":"WebPage","@id":"https:\/\/ugovalemberg.be\/?page_id=4546","url":"https:\/\/ugovalemberg.be\/?page_id=4546","name":"\u00c0 propos - Ugo Valemberg Portfolio","isPartOf":{"@id":"https:\/\/ugovalemberg.be\/#website"},"primaryImageOfPage":{"@id":"https:\/\/ugovalemberg.be\/?page_id=4546#primaryimage"},"image":{"@id":"https:\/\/ugovalemberg.be\/?page_id=4546#primaryimage"},"thumbnailUrl":"https:\/\/ugovalemberg.be\/wp-content\/uploads\/2025\/09\/Moi-Photomontage.png","datePublished":"2025-05-12T21:03:26+00:00","dateModified":"2025-11-14T14:49:08+00:00","breadcrumb":{"@id":"https:\/\/ugovalemberg.be\/?page_id=4546#breadcrumb"},"inLanguage":"fr-FR","potentialAction":[{"@type":"ReadAction","target":["https:\/\/ugovalemberg.be\/?page_id=4546"]}]},{"@type":"ImageObject","inLanguage":"fr-FR","@id":"https:\/\/ugovalemberg.be\/?page_id=4546#primaryimage","url":"https:\/\/ugovalemberg.be\/wp-content\/uploads\/2025\/09\/Moi-Photomontage.png","contentUrl":"https:\/\/ugovalemberg.be\/wp-content\/uploads\/2025\/09\/Moi-Photomontage.png","width":1536,"height":2048},{"@type":"BreadcrumbList","@id":"https:\/\/ugovalemberg.be\/?page_id=4546#breadcrumb","itemListElement":[{"@type":"ListItem","position":1,"name":"Accueil","item":"https:\/\/ugovalemberg.be\/"},{"@type":"ListItem","position":2,"name":"Accueil","item":"https:\/\/ugovalemberg.be\/"},{"@type":"ListItem","position":3,"name":"\u00c0 propos"}]},{"@type":"WebSite","@id":"https:\/\/ugovalemberg.be\/#website","url":"https:\/\/ugovalemberg.be\/","name":"Ugo Valemberg Portfolio","description":"","potentialAction":[{"@type":"SearchAction","target":{"@type":"EntryPoint","urlTemplate":"https:\/\/ugovalemberg.be\/?s={search_term_string}"},"query-input":{"@type":"PropertyValueSpecification","valueRequired":true,"valueName":"search_term_string"}}],"inLanguage":"fr-FR"}]}},"_links":{"self":[{"href":"https:\/\/ugovalemberg.be\/index.php?rest_route=\/wp\/v2\/pages\/4546","targetHints":{"allow":["GET"]}}],"collection":[{"href":"https:\/\/ugovalemberg.be\/index.php?rest_route=\/wp\/v2\/pages"}],"about":[{"href":"https:\/\/ugovalemberg.be\/index.php?rest_route=\/wp\/v2\/types\/page"}],"author":[{"embeddable":true,"href":"https:\/\/ugovalemberg.be\/index.php?rest_route=\/wp\/v2\/users\/1"}],"replies":[{"embeddable":true,"href":"https:\/\/ugovalemberg.be\/index.php?rest_route=%2Fwp%2Fv2%2Fcomments&post=4546"}],"version-history":[{"count":172,"href":"https:\/\/ugovalemberg.be\/index.php?rest_route=\/wp\/v2\/pages\/4546\/revisions"}],"predecessor-version":[{"id":6915,"href":"https:\/\/ugovalemberg.be\/index.php?rest_route=\/wp\/v2\/pages\/4546\/revisions\/6915"}],"up":[{"embeddable":true,"href":"https:\/\/ugovalemberg.be\/index.php?rest_route=\/wp\/v2\/pages\/4387"}],"wp:attachment":[{"href":"https:\/\/ugovalemberg.be\/index.php?rest_route=%2Fwp%2Fv2%2Fmedia&parent=4546"}],"curies":[{"name":"wp","href":"https:\/\/api.w.org\/{rel}","templated":true}]}}