{"id":5857,"date":"2025-09-09T19:34:26","date_gmt":"2025-09-09T19:34:26","guid":{"rendered":"https:\/\/ugovalemberg.be\/?page_id=5857"},"modified":"2026-01-15T04:38:17","modified_gmt":"2026-01-15T04:38:17","slug":"anarizonastory","status":"publish","type":"page","link":"https:\/\/ugovalemberg.be\/?page_id=5857","title":{"rendered":"Memphis Milano"},"content":{"rendered":"\t\t<div data-elementor-type=\"wp-page\" data-elementor-id=\"5857\" class=\"elementor elementor-5857\">\n\t\t\t\t<div class=\"elementor-element elementor-element-82dff0a e-flex e-con-boxed e-con e-parent\" data-id=\"82dff0a\" data-element_type=\"container\" data-settings=\"{&quot;background_background&quot;:&quot;classic&quot;,&quot;shape_divider_bottom&quot;:&quot;arrow&quot;}\">\n\t\t\t\t\t<div class=\"e-con-inner\">\n\t\t\t\t<div class=\"elementor-shape elementor-shape-bottom\" data-negative=\"false\">\n\t\t\t<svg xmlns=\"http:\/\/www.w3.org\/2000\/svg\" viewBox=\"0 0 700 10\" preserveAspectRatio=\"none\">\n\t<path class=\"elementor-shape-fill\" d=\"M350,10L340,0h20L350,10z\"\/>\n<\/svg>\t\t<\/div>\n\t\t\t\t<div class=\"elementor-element elementor-element-0e0681d elementor-widget elementor-widget-heading\" data-id=\"0e0681d\" data-element_type=\"widget\" data-widget_type=\"heading.default\">\n\t\t\t\t<div class=\"elementor-widget-container\">\n\t\t\t\t\t<h2 class=\"elementor-heading-title elementor-size-default\">MEMPHIS MILANO<\/h2>\t\t\t\t<\/div>\n\t\t\t\t<\/div>\n\t\t\t\t<div class=\"elementor-element elementor-element-54d4334 gallery-spacing-custom elementor-widget__width-initial elementor-hidden-mobile elementor-widget elementor-widget-image-gallery\" data-id=\"54d4334\" data-element_type=\"widget\" data-widget_type=\"image-gallery.default\">\n\t\t\t\t<div class=\"elementor-widget-container\">\n\t\t\t\t\t\t\t<div class=\"elementor-image-gallery\">\n\t\t\t<div id='gallery-1' class='gallery galleryid-5857 gallery-columns-4 gallery-size-full'><figure class='gallery-item'>\n\t\t\t<div class='gallery-icon landscape'>\n\t\t\t\t<img fetchpriority=\"high\" decoding=\"async\" width=\"1051\" height=\"1025\" src=\"https:\/\/ugovalemberg.be\/wp-content\/uploads\/2025\/09\/Icone-After-Effects.png\" class=\"attachment-full size-full\" alt=\"\" srcset=\"https:\/\/ugovalemberg.be\/wp-content\/uploads\/2025\/09\/Icone-After-Effects.png 1051w, https:\/\/ugovalemberg.be\/wp-content\/uploads\/2025\/09\/Icone-After-Effects-300x293.png 300w, https:\/\/ugovalemberg.be\/wp-content\/uploads\/2025\/09\/Icone-After-Effects-1024x999.png 1024w, https:\/\/ugovalemberg.be\/wp-content\/uploads\/2025\/09\/Icone-After-Effects-768x749.png 768w\" sizes=\"(max-width: 1051px) 100vw, 1051px\" \/>\n\t\t\t<\/div><\/figure><figure class='gallery-item'>\n\t\t\t<div class='gallery-icon landscape'>\n\t\t\t\t<img decoding=\"async\" width=\"1200\" height=\"1170\" src=\"https:\/\/ugovalemberg.be\/wp-content\/uploads\/2025\/09\/Icone-Illustrator.png\" class=\"attachment-full size-full\" alt=\"\" srcset=\"https:\/\/ugovalemberg.be\/wp-content\/uploads\/2025\/09\/Icone-Illustrator.png 1200w, https:\/\/ugovalemberg.be\/wp-content\/uploads\/2025\/09\/Icone-Illustrator-300x293.png 300w, https:\/\/ugovalemberg.be\/wp-content\/uploads\/2025\/09\/Icone-Illustrator-1024x998.png 1024w, https:\/\/ugovalemberg.be\/wp-content\/uploads\/2025\/09\/Icone-Illustrator-768x749.png 768w\" sizes=\"(max-width: 1200px) 100vw, 1200px\" \/>\n\t\t\t<\/div><\/figure>\n\t\t<\/div>\n\t\t<\/div>\n\t\t\t\t\t\t<\/div>\n\t\t\t\t<\/div>\n\t\t\t\t<div class=\"elementor-element elementor-element-5df7439 elementor-widget elementor-widget-text-editor\" data-id=\"5df7439\" data-element_type=\"widget\" data-widget_type=\"text-editor.default\">\n\t\t\t\t<div class=\"elementor-widget-container\">\n\t\t\t\t\t\t\t\t\t<p>Les meubles Memphis Milano seront les seuls \u00e0 vous apporter la couleur et l&rsquo;excentricit\u00e9 dont vous avez besoin. Vous ne trouverez nulle part ailleurs des cr\u00e9ations aussi d\u00e9jant\u00e9es que celles-l\u00e0.\u00a0<\/p>\t\t\t\t\t\t\t\t<\/div>\n\t\t\t\t<\/div>\n\t\t\t\t<div class=\"elementor-element elementor-element-82908d7 elementor-widget elementor-widget-video\" data-id=\"82908d7\" data-element_type=\"widget\" data-settings=\"{&quot;youtube_url&quot;:&quot;https:\\\/\\\/youtu.be\\\/saRgiVAuGMQ&quot;,&quot;video_type&quot;:&quot;youtube&quot;,&quot;controls&quot;:&quot;yes&quot;}\" data-widget_type=\"video.default\">\n\t\t\t\t<div class=\"elementor-widget-container\">\n\t\t\t\t\t\t\t<div class=\"elementor-wrapper elementor-open-inline\">\n\t\t\t<div class=\"elementor-video\"><\/div>\t\t<\/div>\n\t\t\t\t\t\t<\/div>\n\t\t\t\t<\/div>\n\t\t\t\t\t<\/div>\n\t\t\t\t<\/div>\n\t\t\t\t<\/div>\n\t\t","protected":false},"excerpt":{"rendered":"<p>MEMPHIS MILANO Les meubles Memphis Milano seront les seuls \u00e0 vous apporter la couleur et l&rsquo;excentricit\u00e9 dont vous avez besoin. Vous ne trouverez nulle part ailleurs des cr\u00e9ations aussi d\u00e9jant\u00e9es que celles-l\u00e0.\u00a0 https:\/\/youtu.be\/saRgiVAuGMQ<\/p>\n","protected":false},"author":1,"featured_media":0,"parent":4387,"menu_order":1,"comment_status":"closed","ping_status":"closed","template":"","meta":{"site-sidebar-layout":"no-sidebar","site-content-layout":"page-builder","ast-site-content-layout":"full-width-container","site-content-style":"unboxed","site-sidebar-style":"unboxed","ast-global-header-display":"","ast-banner-title-visibility":"","ast-main-header-display":"","ast-hfb-above-header-display":"","ast-hfb-below-header-display":"","ast-hfb-mobile-header-display":"","site-post-title":"disabled","ast-breadcrumbs-content":"","ast-featured-img":"disabled","footer-sml-layout":"","theme-transparent-header-meta":"","adv-header-id-meta":"","stick-header-meta":"","header-above-stick-meta":"","header-main-stick-meta":"","header-below-stick-meta":"","astra-migrate-meta-layouts":"set","ast-page-background-enabled":"default","ast-page-background-meta":{"desktop":{"background-color":"","background-image":"","background-repeat":"repeat","background-position":"center center","background-size":"auto","background-attachment":"scroll","background-type":"","background-media":"","overlay-type":"","overlay-color":"","overlay-opacity":"","overlay-gradient":""},"tablet":{"background-color":"","background-image":"","background-repeat":"repeat","background-position":"center center","background-size":"auto","background-attachment":"scroll","background-type":"","background-media":"","overlay-type":"","overlay-color":"","overlay-opacity":"","overlay-gradient":""},"mobile":{"background-color":"","background-image":"","background-repeat":"repeat","background-position":"center center","background-size":"auto","background-attachment":"scroll","background-type":"","background-media":"","overlay-type":"","overlay-color":"","overlay-opacity":"","overlay-gradient":""}},"ast-content-background-meta":{"desktop":{"background-color":"var(--ast-global-color-5)","background-image":"","background-repeat":"repeat","background-position":"center center","background-size":"auto","background-attachment":"scroll","background-type":"","background-media":"","overlay-type":"","overlay-color":"","overlay-opacity":"","overlay-gradient":""},"tablet":{"background-color":"var(--ast-global-color-5)","background-image":"","background-repeat":"repeat","background-position":"center center","background-size":"auto","background-attachment":"scroll","background-type":"","background-media":"","overlay-type":"","overlay-color":"","overlay-opacity":"","overlay-gradient":""},"mobile":{"background-color":"var(--ast-global-color-5)","background-image":"","background-repeat":"repeat","background-position":"center center","background-size":"auto","background-attachment":"scroll","background-type":"","background-media":"","overlay-type":"","overlay-color":"","overlay-opacity":"","overlay-gradient":""}},"footnotes":""},"class_list":["post-5857","page","type-page","status-publish","hentry"],"yoast_head":"<!-- This site is optimized with the Yoast SEO plugin v25.1 - https:\/\/yoast.com\/wordpress\/plugins\/seo\/ -->\n<title>Memphis Milano - Ugo Valemberg Portfolio<\/title>\n<meta name=\"robots\" content=\"index, follow, max-snippet:-1, max-image-preview:large, max-video-preview:-1\" \/>\n<link rel=\"canonical\" href=\"https:\/\/ugovalemberg.be\/?page_id=5857\" \/>\n<meta property=\"og:locale\" content=\"fr_FR\" \/>\n<meta property=\"og:type\" content=\"article\" \/>\n<meta property=\"og:title\" content=\"Memphis Milano - Ugo Valemberg Portfolio\" \/>\n<meta property=\"og:description\" content=\"MEMPHIS MILANO Les meubles Memphis Milano seront les seuls \u00e0 vous apporter la couleur et l&rsquo;excentricit\u00e9 dont vous avez besoin. Vous ne trouverez nulle part ailleurs des cr\u00e9ations aussi d\u00e9jant\u00e9es que celles-l\u00e0.\u00a0 https:\/\/youtu.be\/saRgiVAuGMQ\" \/>\n<meta property=\"og:url\" content=\"https:\/\/ugovalemberg.be\/?page_id=5857\" \/>\n<meta property=\"og:site_name\" content=\"Ugo Valemberg Portfolio\" \/>\n<meta property=\"article:modified_time\" content=\"2026-01-15T04:38:17+00:00\" \/>\n<meta property=\"og:image\" content=\"https:\/\/ugovalemberg.be\/wp-content\/uploads\/2025\/09\/Icone-After-Effects.png\" \/>\n<meta name=\"twitter:card\" content=\"summary_large_image\" \/>\n<meta name=\"twitter:label1\" content=\"Dur\u00e9e de lecture estim\u00e9e\" \/>\n\t<meta name=\"twitter:data1\" content=\"1 minute\" \/>\n<script type=\"application\/ld+json\" class=\"yoast-schema-graph\">{\"@context\":\"https:\/\/schema.org\",\"@graph\":[{\"@type\":\"WebPage\",\"@id\":\"https:\/\/ugovalemberg.be\/?page_id=5857\",\"url\":\"https:\/\/ugovalemberg.be\/?page_id=5857\",\"name\":\"Memphis Milano - Ugo Valemberg Portfolio\",\"isPartOf\":{\"@id\":\"https:\/\/ugovalemberg.be\/#website\"},\"primaryImageOfPage\":{\"@id\":\"https:\/\/ugovalemberg.be\/?page_id=5857#primaryimage\"},\"image\":{\"@id\":\"https:\/\/ugovalemberg.be\/?page_id=5857#primaryimage\"},\"thumbnailUrl\":\"https:\/\/ugovalemberg.be\/wp-content\/uploads\/2025\/09\/Icone-After-Effects.png\",\"datePublished\":\"2025-09-09T19:34:26+00:00\",\"dateModified\":\"2026-01-15T04:38:17+00:00\",\"breadcrumb\":{\"@id\":\"https:\/\/ugovalemberg.be\/?page_id=5857#breadcrumb\"},\"inLanguage\":\"fr-FR\",\"potentialAction\":[{\"@type\":\"ReadAction\",\"target\":[\"https:\/\/ugovalemberg.be\/?page_id=5857\"]}]},{\"@type\":\"ImageObject\",\"inLanguage\":\"fr-FR\",\"@id\":\"https:\/\/ugovalemberg.be\/?page_id=5857#primaryimage\",\"url\":\"https:\/\/ugovalemberg.be\/wp-content\/uploads\/2025\/09\/Icone-After-Effects.png\",\"contentUrl\":\"https:\/\/ugovalemberg.be\/wp-content\/uploads\/2025\/09\/Icone-After-Effects.png\"},{\"@type\":\"BreadcrumbList\",\"@id\":\"https:\/\/ugovalemberg.be\/?page_id=5857#breadcrumb\",\"itemListElement\":[{\"@type\":\"ListItem\",\"position\":1,\"name\":\"Accueil\",\"item\":\"https:\/\/ugovalemberg.be\/\"},{\"@type\":\"ListItem\",\"position\":2,\"name\":\"Accueil\",\"item\":\"https:\/\/ugovalemberg.be\/\"},{\"@type\":\"ListItem\",\"position\":3,\"name\":\"Memphis Milano\"}]},{\"@type\":\"WebSite\",\"@id\":\"https:\/\/ugovalemberg.be\/#website\",\"url\":\"https:\/\/ugovalemberg.be\/\",\"name\":\"Ugo Valemberg Portfolio\",\"description\":\"\",\"potentialAction\":[{\"@type\":\"SearchAction\",\"target\":{\"@type\":\"EntryPoint\",\"urlTemplate\":\"https:\/\/ugovalemberg.be\/?s={search_term_string}\"},\"query-input\":{\"@type\":\"PropertyValueSpecification\",\"valueRequired\":true,\"valueName\":\"search_term_string\"}}],\"inLanguage\":\"fr-FR\"}]}<\/script>\n<!-- \/ Yoast SEO plugin. -->","yoast_head_json":{"title":"Memphis Milano - Ugo Valemberg Portfolio","robots":{"index":"index","follow":"follow","max-snippet":"max-snippet:-1","max-image-preview":"max-image-preview:large","max-video-preview":"max-video-preview:-1"},"canonical":"https:\/\/ugovalemberg.be\/?page_id=5857","og_locale":"fr_FR","og_type":"article","og_title":"Memphis Milano - Ugo Valemberg Portfolio","og_description":"MEMPHIS MILANO Les meubles Memphis Milano seront les seuls \u00e0 vous apporter la couleur et l&rsquo;excentricit\u00e9 dont vous avez besoin. Vous ne trouverez nulle part ailleurs des cr\u00e9ations aussi d\u00e9jant\u00e9es que celles-l\u00e0.\u00a0 https:\/\/youtu.be\/saRgiVAuGMQ","og_url":"https:\/\/ugovalemberg.be\/?page_id=5857","og_site_name":"Ugo Valemberg Portfolio","article_modified_time":"2026-01-15T04:38:17+00:00","og_image":[{"url":"https:\/\/ugovalemberg.be\/wp-content\/uploads\/2025\/09\/Icone-After-Effects.png","type":"","width":"","height":""}],"twitter_card":"summary_large_image","twitter_misc":{"Dur\u00e9e de lecture estim\u00e9e":"1 minute"},"schema":{"@context":"https:\/\/schema.org","@graph":[{"@type":"WebPage","@id":"https:\/\/ugovalemberg.be\/?page_id=5857","url":"https:\/\/ugovalemberg.be\/?page_id=5857","name":"Memphis Milano - Ugo Valemberg Portfolio","isPartOf":{"@id":"https:\/\/ugovalemberg.be\/#website"},"primaryImageOfPage":{"@id":"https:\/\/ugovalemberg.be\/?page_id=5857#primaryimage"},"image":{"@id":"https:\/\/ugovalemberg.be\/?page_id=5857#primaryimage"},"thumbnailUrl":"https:\/\/ugovalemberg.be\/wp-content\/uploads\/2025\/09\/Icone-After-Effects.png","datePublished":"2025-09-09T19:34:26+00:00","dateModified":"2026-01-15T04:38:17+00:00","breadcrumb":{"@id":"https:\/\/ugovalemberg.be\/?page_id=5857#breadcrumb"},"inLanguage":"fr-FR","potentialAction":[{"@type":"ReadAction","target":["https:\/\/ugovalemberg.be\/?page_id=5857"]}]},{"@type":"ImageObject","inLanguage":"fr-FR","@id":"https:\/\/ugovalemberg.be\/?page_id=5857#primaryimage","url":"https:\/\/ugovalemberg.be\/wp-content\/uploads\/2025\/09\/Icone-After-Effects.png","contentUrl":"https:\/\/ugovalemberg.be\/wp-content\/uploads\/2025\/09\/Icone-After-Effects.png"},{"@type":"BreadcrumbList","@id":"https:\/\/ugovalemberg.be\/?page_id=5857#breadcrumb","itemListElement":[{"@type":"ListItem","position":1,"name":"Accueil","item":"https:\/\/ugovalemberg.be\/"},{"@type":"ListItem","position":2,"name":"Accueil","item":"https:\/\/ugovalemberg.be\/"},{"@type":"ListItem","position":3,"name":"Memphis Milano"}]},{"@type":"WebSite","@id":"https:\/\/ugovalemberg.be\/#website","url":"https:\/\/ugovalemberg.be\/","name":"Ugo Valemberg Portfolio","description":"","potentialAction":[{"@type":"SearchAction","target":{"@type":"EntryPoint","urlTemplate":"https:\/\/ugovalemberg.be\/?s={search_term_string}"},"query-input":{"@type":"PropertyValueSpecification","valueRequired":true,"valueName":"search_term_string"}}],"inLanguage":"fr-FR"}]}},"_links":{"self":[{"href":"https:\/\/ugovalemberg.be\/index.php?rest_route=\/wp\/v2\/pages\/5857","targetHints":{"allow":["GET"]}}],"collection":[{"href":"https:\/\/ugovalemberg.be\/index.php?rest_route=\/wp\/v2\/pages"}],"about":[{"href":"https:\/\/ugovalemberg.be\/index.php?rest_route=\/wp\/v2\/types\/page"}],"author":[{"embeddable":true,"href":"https:\/\/ugovalemberg.be\/index.php?rest_route=\/wp\/v2\/users\/1"}],"replies":[{"embeddable":true,"href":"https:\/\/ugovalemberg.be\/index.php?rest_route=%2Fwp%2Fv2%2Fcomments&post=5857"}],"version-history":[{"count":93,"href":"https:\/\/ugovalemberg.be\/index.php?rest_route=\/wp\/v2\/pages\/5857\/revisions"}],"predecessor-version":[{"id":6969,"href":"https:\/\/ugovalemberg.be\/index.php?rest_route=\/wp\/v2\/pages\/5857\/revisions\/6969"}],"up":[{"embeddable":true,"href":"https:\/\/ugovalemberg.be\/index.php?rest_route=\/wp\/v2\/pages\/4387"}],"wp:attachment":[{"href":"https:\/\/ugovalemberg.be\/index.php?rest_route=%2Fwp%2Fv2%2Fmedia&parent=5857"}],"curies":[{"name":"wp","href":"https:\/\/api.w.org\/{rel}","templated":true}]}}